{"id":44490,"date":"2023-09-11T11:46:22","date_gmt":"2023-09-11T08:46:22","guid":{"rendered":"https:\/\/ks.test-314.eu\/international-curriculum\/"},"modified":"2026-01-13T20:38:43","modified_gmt":"2026-01-13T18:38:43","slug":"international-curriculum","status":"publish","type":"page","link":"https:\/\/kotronis.edu.gr\/en\/international-curriculum\/","title":{"rendered":"International Curriculum"},"content":{"rendered":"\t\t<div data-elementor-type=\"wp-page\" data-elementor-id=\"44490\" class=\"elementor elementor-44490 elementor-34409\" data-elementor-post-type=\"page\">\n\t\t\t\t<div class=\"elementor-element elementor-element-b74e587 e-flex e-con-boxed e-con e-parent\" data-id=\"b74e587\" data-element_type=\"container\" data-e-type=\"container\">\n\t\t\t\t\t<div class=\"e-con-inner\">\n\t\t\t\t<div class=\"elementor-element elementor-element-147e6cf elementor-widget elementor-widget-spacer\" data-id=\"147e6cf\" data-element_type=\"widget\" data-e-type=\"widget\" data-widget_type=\"spacer.default\">\n\t\t\t\t<div class=\"elementor-widget-container\">\n\t\t\t\t\t\t\t<div class=\"elementor-spacer\">\n\t\t\t<div class=\"elementor-spacer-inner\"><\/div>\n\t\t<\/div>\n\t\t\t\t\t\t<\/div>\n\t\t\t\t<\/div>\n\t\t\t\t<div class=\"elementor-element elementor-element-721a67c elementor-widget elementor-widget-image\" data-id=\"721a67c\" data-element_type=\"widget\" data-e-type=\"widget\" data-widget_type=\"image.default\">\n\t\t\t\t<div class=\"elementor-widget-container\">\n\t\t\t\t\t\t\t\t\t\t\t\t\t\t\t<img fetchpriority=\"high\" decoding=\"async\" width=\"768\" height=\"432\" src=\"https:\/\/kotronis.edu.gr\/wp-content\/uploads\/2023\/09\/\u03a0\u03b1\u03c1\u03bf\u03c5\u03c3\u03af\u03b1\u03c3\u03b7-Pearson-768x432-1.jpg\" class=\"attachment-full size-full wp-image-44318\" alt=\"\" srcset=\"https:\/\/kotronis.edu.gr\/wp-content\/uploads\/2023\/09\/\u03a0\u03b1\u03c1\u03bf\u03c5\u03c3\u03af\u03b1\u03c3\u03b7-Pearson-768x432-1.jpg 768w, https:\/\/kotronis.edu.gr\/wp-content\/uploads\/2023\/09\/\u03a0\u03b1\u03c1\u03bf\u03c5\u03c3\u03af\u03b1\u03c3\u03b7-Pearson-768x432-1-300x169.jpg 300w\" sizes=\"(max-width: 768px) 100vw, 768px\" \/>\t\t\t\t\t\t\t\t\t\t\t\t\t\t\t<\/div>\n\t\t\t\t<\/div>\n\t\t\t\t\t<\/div>\n\t\t\t\t<\/div>\n\t\t<div class=\"elementor-element elementor-element-5740a87 e-flex e-con-boxed e-con e-parent\" data-id=\"5740a87\" data-element_type=\"container\" data-e-type=\"container\">\n\t\t\t\t\t<div class=\"e-con-inner\">\n\t\t\t\t<div class=\"elementor-element elementor-element-8345900 elementor-widget elementor-widget-spacer\" data-id=\"8345900\" data-element_type=\"widget\" data-e-type=\"widget\" data-widget_type=\"spacer.default\">\n\t\t\t\t<div class=\"elementor-widget-container\">\n\t\t\t\t\t\t\t<div class=\"elementor-spacer\">\n\t\t\t<div class=\"elementor-spacer-inner\"><\/div>\n\t\t<\/div>\n\t\t\t\t\t\t<\/div>\n\t\t\t\t<\/div>\n\t\t\t\t\t<\/div>\n\t\t\t\t<\/div>\n\t\t<div class=\"elementor-element elementor-element-334b2eb e-flex e-con-boxed e-con e-parent\" data-id=\"334b2eb\" data-element_type=\"container\" data-e-type=\"container\">\n\t\t\t\t\t<div class=\"e-con-inner\">\n\t\t<div class=\"elementor-element elementor-element-0f686ed e-con-full e-flex e-con e-child\" data-id=\"0f686ed\" data-element_type=\"container\" data-e-type=\"container\">\n\t\t\t\t<div class=\"elementor-element elementor-element-b53e08c elementor-widget elementor-widget-text-editor\" data-id=\"b53e08c\" data-element_type=\"widget\" data-e-type=\"widget\" data-widget_type=\"text-editor.default\">\n\t\t\t\t<div class=\"elementor-widget-container\">\n\t\t\t\t\t\t\t\t\t<p>English language courses in cooperation with Pearson<\/p>\n<p>iProgress is the UK Curriculum for International students.<br \/>Courses are taught in English, at the level that the grade in which the students are placed allows.<br \/>The programme is aimed at students aged 6 to 16 years old. (iPrimary: ages 6-11, iLowerSecondary: ages 11-14 &amp; International GCSE: ages 14-16).<\/p>\n<p>The courses offered prepare and familiarise students with the above curriculum, which will help them to secure IGCSE qualifications and enhance their candidature for admission to English-speaking universities.<\/p>\n<p>The courses commence in grades 1, 2, 3, 4 , 5 &amp; 6 (iPrimary) and 7, 8 &amp; 9 (iLowerSecondary), 10 &amp; 11 (International GCSE).<\/p>\n<p>The International General Certificate of Secondary Education (International GCSE) is the equivalent of the Junior High School final exams.<\/p>\n\t\t\t\t\t\t\t\t<\/div>\n\t\t\t\t<\/div>\n\t\t\t\t<\/div>\n\t\t<div class=\"elementor-element elementor-element-04d1970 e-con-full e-flex e-con e-child\" data-id=\"04d1970\" data-element_type=\"container\" data-e-type=\"container\">\n\t\t\t\t<div class=\"elementor-element elementor-element-0988cd1 elementor-widget elementor-widget-image\" data-id=\"0988cd1\" data-element_type=\"widget\" data-e-type=\"widget\" data-widget_type=\"image.default\">\n\t\t\t\t<div class=\"elementor-widget-container\">\n\t\t\t\t\t\t\t\t\t\t\t\t\t\t\t<img decoding=\"async\" width=\"573\" height=\"870\" data-src=\"https:\/\/kotronis.edu.gr\/wp-content\/uploads\/2023\/09\/\u0391\u03bd\u03c4\u03af\u03b3\u03c1\u03b1\u03c6\u03bf-\u03c4\u03bf\u03c5-Pearson-\u03c0\u03b1\u03c1\u03bf\u03c5\u03c3\u03af\u03b1\u03c3\u03b7-21.jpg\" class=\"attachment-full size-full wp-image-44319 lazyload\" alt=\"\" data-srcset=\"https:\/\/kotronis.edu.gr\/wp-content\/uploads\/2023\/09\/\u0391\u03bd\u03c4\u03af\u03b3\u03c1\u03b1\u03c6\u03bf-\u03c4\u03bf\u03c5-Pearson-\u03c0\u03b1\u03c1\u03bf\u03c5\u03c3\u03af\u03b1\u03c3\u03b7-21.jpg 573w, https:\/\/kotronis.edu.gr\/wp-content\/uploads\/2023\/09\/\u0391\u03bd\u03c4\u03af\u03b3\u03c1\u03b1\u03c6\u03bf-\u03c4\u03bf\u03c5-Pearson-\u03c0\u03b1\u03c1\u03bf\u03c5\u03c3\u03af\u03b1\u03c3\u03b7-21-198x300.jpg 198w\" data-sizes=\"(max-width: 573px) 100vw, 573px\" src=\"data:image\/svg+xml;base64,PHN2ZyB3aWR0aD0iMSIgaGVpZ2h0PSIxIiB4bWxucz0iaHR0cDovL3d3dy53My5vcmcvMjAwMC9zdmciPjwvc3ZnPg==\" style=\"--smush-placeholder-width: 573px; --smush-placeholder-aspect-ratio: 573\/870;\" \/>\t\t\t\t\t\t\t\t\t\t\t\t\t\t\t<\/div>\n\t\t\t\t<\/div>\n\t\t\t\t<\/div>\n\t\t\t\t\t<\/div>\n\t\t\t\t<\/div>\n\t\t<div class=\"elementor-element elementor-element-0e0235c e-flex e-con-boxed e-con e-parent\" data-id=\"0e0235c\" data-element_type=\"container\" data-e-type=\"container\">\n\t\t\t\t\t<div class=\"e-con-inner\">\n\t\t\t\t<div class=\"elementor-element elementor-element-3962493 elementor-widget elementor-widget-image\" data-id=\"3962493\" data-element_type=\"widget\" data-e-type=\"widget\" data-widget_type=\"image.default\">\n\t\t\t\t<div class=\"elementor-widget-container\">\n\t\t\t\t\t\t\t\t\t\t\t\t\t\t\t<img decoding=\"async\" width=\"806\" height=\"330\" data-src=\"https:\/\/kotronis.edu.gr\/wp-content\/uploads\/2023\/09\/\u03a0\u03b1\u03c1\u03bf\u03c5\u03c3\u03af\u03b1\u03c3\u03b7-Pearson-1.jpg\" class=\"attachment-full size-full wp-image-44320 lazyload\" alt=\"\" data-srcset=\"https:\/\/kotronis.edu.gr\/wp-content\/uploads\/2023\/09\/\u03a0\u03b1\u03c1\u03bf\u03c5\u03c3\u03af\u03b1\u03c3\u03b7-Pearson-1.jpg 806w, https:\/\/kotronis.edu.gr\/wp-content\/uploads\/2023\/09\/\u03a0\u03b1\u03c1\u03bf\u03c5\u03c3\u03af\u03b1\u03c3\u03b7-Pearson-1-300x123.jpg 300w, https:\/\/kotronis.edu.gr\/wp-content\/uploads\/2023\/09\/\u03a0\u03b1\u03c1\u03bf\u03c5\u03c3\u03af\u03b1\u03c3\u03b7-Pearson-1-768x314.jpg 768w\" data-sizes=\"(max-width: 806px) 100vw, 806px\" src=\"data:image\/svg+xml;base64,PHN2ZyB3aWR0aD0iMSIgaGVpZ2h0PSIxIiB4bWxucz0iaHR0cDovL3d3dy53My5vcmcvMjAwMC9zdmciPjwvc3ZnPg==\" style=\"--smush-placeholder-width: 806px; --smush-placeholder-aspect-ratio: 806\/330;\" \/>\t\t\t\t\t\t\t\t\t\t\t\t\t\t\t<\/div>\n\t\t\t\t<\/div>\n\t\t\t\t\t<\/div>\n\t\t\t\t<\/div>\n\t\t<div class=\"elementor-element elementor-element-8d6b080 e-flex e-con-boxed e-con e-parent\" data-id=\"8d6b080\" data-element_type=\"container\" data-e-type=\"container\">\n\t\t\t\t\t<div class=\"e-con-inner\">\n\t\t<div class=\"elementor-element elementor-element-2f2673d e-con-full e-flex e-con e-child\" data-id=\"2f2673d\" data-element_type=\"container\" data-e-type=\"container\">\n\t\t\t\t<div class=\"elementor-element elementor-element-200e450 elementor-widget elementor-widget-text-editor\" data-id=\"200e450\" data-element_type=\"widget\" data-e-type=\"widget\" data-widget_type=\"text-editor.default\">\n\t\t\t\t<div class=\"elementor-widget-container\">\n\t\t\t\t\t\t\t\t\t<p>All grades will be provided with the Global Citizenship course.<\/p>\n<p>Through this course students will consolidate the concept of the global citizen, their rights and opportunities.<br \/>At the same time, they will become familiar with concepts and issues that will be useful to them as global citizens.<\/p>\n<p>The other modules concern:<\/p>\n<ul>\n<li>Computer Science (Computing &amp; ICT)<\/li>\n<li>Science<\/li>\n<li>English International (Specialized English)<\/li>\n<\/ul>\n\t\t\t\t\t\t\t\t<\/div>\n\t\t\t\t<\/div>\n\t\t\t\t<\/div>\n\t\t<div class=\"elementor-element elementor-element-248f6c5 e-con-full e-flex e-con e-child\" data-id=\"248f6c5\" data-element_type=\"container\" data-e-type=\"container\">\n\t\t\t\t<div class=\"elementor-element elementor-element-7611b2e elementor-widget elementor-widget-image\" data-id=\"7611b2e\" data-element_type=\"widget\" data-e-type=\"widget\" data-widget_type=\"image.default\">\n\t\t\t\t<div class=\"elementor-widget-container\">\n\t\t\t\t\t\t\t\t\t\t\t\t\t\t\t<img decoding=\"async\" width=\"690\" height=\"870\" data-src=\"https:\/\/kotronis.edu.gr\/wp-content\/uploads\/2023\/09\/global-citizenship.jpeg\" class=\"attachment-full size-full wp-image-44321 lazyload\" alt=\"\" data-srcset=\"https:\/\/kotronis.edu.gr\/wp-content\/uploads\/2023\/09\/global-citizenship.jpeg 690w, https:\/\/kotronis.edu.gr\/wp-content\/uploads\/2023\/09\/global-citizenship-238x300.jpeg 238w\" data-sizes=\"(max-width: 690px) 100vw, 690px\" src=\"data:image\/svg+xml;base64,PHN2ZyB3aWR0aD0iMSIgaGVpZ2h0PSIxIiB4bWxucz0iaHR0cDovL3d3dy53My5vcmcvMjAwMC9zdmciPjwvc3ZnPg==\" style=\"--smush-placeholder-width: 690px; --smush-placeholder-aspect-ratio: 690\/870;\" \/>\t\t\t\t\t\t\t\t\t\t\t\t\t\t\t<\/div>\n\t\t\t\t<\/div>\n\t\t\t\t<\/div>\n\t\t\t\t\t<\/div>\n\t\t\t\t<\/div>\n\t\t<div class=\"elementor-element elementor-element-9eb29a4 e-flex e-con-boxed e-con e-parent\" data-id=\"9eb29a4\" data-element_type=\"container\" data-e-type=\"container\">\n\t\t\t\t\t<div class=\"e-con-inner\">\n\t\t\t\t<div class=\"elementor-element elementor-element-580c961 elementor-widget elementor-widget-spacer\" data-id=\"580c961\" data-element_type=\"widget\" data-e-type=\"widget\" data-widget_type=\"spacer.default\">\n\t\t\t\t<div class=\"elementor-widget-container\">\n\t\t\t\t\t\t\t<div class=\"elementor-spacer\">\n\t\t\t<div class=\"elementor-spacer-inner\"><\/div>\n\t\t<\/div>\n\t\t\t\t\t\t<\/div>\n\t\t\t\t<\/div>\n\t\t\t\t\t<\/div>\n\t\t\t\t<\/div>\n\t\t<div class=\"elementor-element elementor-element-b3efb41 e-flex e-con-boxed e-con e-parent\" data-id=\"b3efb41\" data-element_type=\"container\" data-e-type=\"container\">\n\t\t\t\t\t<div class=\"e-con-inner\">\n\t\t<div class=\"elementor-element elementor-element-998f900 e-con-full e-flex e-con e-child\" data-id=\"998f900\" data-element_type=\"container\" data-e-type=\"container\">\n\t\t\t\t<div class=\"elementor-element elementor-element-0a47315 elementor-widget elementor-widget-image\" data-id=\"0a47315\" data-element_type=\"widget\" data-e-type=\"widget\" data-widget_type=\"image.default\">\n\t\t\t\t<div class=\"elementor-widget-container\">\n\t\t\t\t\t\t\t\t\t\t\t\t\t\t\t<img decoding=\"async\" width=\"870\" height=\"732\" data-src=\"https:\/\/kotronis.edu.gr\/wp-content\/uploads\/2023\/09\/\u0391\u03bd\u03c4\u03af\u03b3\u03c1\u03b1\u03c6\u03bf-\u03c4\u03bf\u03c5-Pearson-\u03c0\u03b1\u03c1\u03bf\u03c5\u03c3\u03af\u03b1\u03c3\u03b7-4.jpg\" class=\"attachment-full size-full wp-image-44322 lazyload\" alt=\"\" data-srcset=\"https:\/\/kotronis.edu.gr\/wp-content\/uploads\/2023\/09\/\u0391\u03bd\u03c4\u03af\u03b3\u03c1\u03b1\u03c6\u03bf-\u03c4\u03bf\u03c5-Pearson-\u03c0\u03b1\u03c1\u03bf\u03c5\u03c3\u03af\u03b1\u03c3\u03b7-4.jpg 870w, https:\/\/kotronis.edu.gr\/wp-content\/uploads\/2023\/09\/\u0391\u03bd\u03c4\u03af\u03b3\u03c1\u03b1\u03c6\u03bf-\u03c4\u03bf\u03c5-Pearson-\u03c0\u03b1\u03c1\u03bf\u03c5\u03c3\u03af\u03b1\u03c3\u03b7-4-300x252.jpg 300w, https:\/\/kotronis.edu.gr\/wp-content\/uploads\/2023\/09\/\u0391\u03bd\u03c4\u03af\u03b3\u03c1\u03b1\u03c6\u03bf-\u03c4\u03bf\u03c5-Pearson-\u03c0\u03b1\u03c1\u03bf\u03c5\u03c3\u03af\u03b1\u03c3\u03b7-4-768x646.jpg 768w\" data-sizes=\"(max-width: 870px) 100vw, 870px\" src=\"data:image\/svg+xml;base64,PHN2ZyB3aWR0aD0iMSIgaGVpZ2h0PSIxIiB4bWxucz0iaHR0cDovL3d3dy53My5vcmcvMjAwMC9zdmciPjwvc3ZnPg==\" style=\"--smush-placeholder-width: 870px; --smush-placeholder-aspect-ratio: 870\/732;\" \/>\t\t\t\t\t\t\t\t\t\t\t\t\t\t\t<\/div>\n\t\t\t\t<\/div>\n\t\t\t\t<\/div>\n\t\t<div class=\"elementor-element elementor-element-20d472d e-con-full e-flex e-con e-child\" data-id=\"20d472d\" data-element_type=\"container\" data-e-type=\"container\">\n\t\t\t\t<div class=\"elementor-element elementor-element-60b7548 elementor-widget__width-initial elementor-widget elementor-widget-text-editor\" data-id=\"60b7548\" data-element_type=\"widget\" data-e-type=\"widget\" data-widget_type=\"text-editor.default\">\n\t\t\t\t<div class=\"elementor-widget-container\">\n\t\t\t\t\t\t\t\t\t<p>All three courses will help students to master concepts and definitions that will be useful to them, whatever direction they choose.<\/p>\n\t\t\t\t\t\t\t\t<\/div>\n\t\t\t\t<\/div>\n\t\t\t\t<\/div>\n\t\t\t\t\t<\/div>\n\t\t\t\t<\/div>\n\t\t<div class=\"elementor-element elementor-element-c20e093 e-flex e-con-boxed e-con e-parent\" data-id=\"c20e093\" data-element_type=\"container\" data-e-type=\"container\">\n\t\t\t\t\t<div class=\"e-con-inner\">\n\t\t<div class=\"elementor-element elementor-element-f1fdc65 e-con-full e-flex e-con e-child\" data-id=\"f1fdc65\" data-element_type=\"container\" data-e-type=\"container\">\n\t\t\t\t<div class=\"elementor-element elementor-element-54ee3c8 elementor-widget elementor-widget-text-editor\" data-id=\"54ee3c8\" data-element_type=\"widget\" data-e-type=\"widget\" data-widget_type=\"text-editor.default\">\n\t\t\t\t<div class=\"elementor-widget-container\">\n\t\t\t\t\t\t\t\t\t<p>In the coming years, we also intend to launch the International A Level, through which students will ensure their admission to top English-speaking universities (ages 16-18).<\/p>\n<p>The International Advanced Level (IAL) is equivalent to the Panhellenic exams and is held simultaneously in 75 countries.<\/p>\n<p>Students who follow the IALevel programme will have the opportunity to be accepted by internationally renowned universities such as: The University of Oxford, The University of Cambridge, The London School of Economics, Oueen Mary College, Birmingham University, University of Bath, King\u2019s College, Bristol University, Yale University, New York University, University of California, Berkeley (USA) Universit\u00e4t Bern, Universit\u00e4t Freiburg, Universit\u00e9 de Gen\u00e8ve Universit\u00e9 de Lausanne (Switzerland), Delft University of Technology, Erasmus University Rotterdam , HZ University of Applied Sciences (The Netherlands) Cologne Business School, Frankfurt School of Finance &amp; Management (Germany).\u00a0<a href=\"https:\/\/www.kotronis.edu.gr\/wp-content\/uploads\/2022\/09\/IAL_recognition.pdf\" target=\"_blank\" rel=\"noopener\">(click here for more universities)<\/a><\/p>\n\t\t\t\t\t\t\t\t<\/div>\n\t\t\t\t<\/div>\n\t\t\t\t<\/div>\n\t\t<div class=\"elementor-element elementor-element-3dcf93a e-con-full e-flex e-con e-child\" data-id=\"3dcf93a\" data-element_type=\"container\" data-e-type=\"container\">\n\t\t\t\t<div class=\"elementor-element elementor-element-e49f6e3 elementor-widget elementor-widget-image\" data-id=\"e49f6e3\" data-element_type=\"widget\" data-e-type=\"widget\" data-widget_type=\"image.default\">\n\t\t\t\t<div class=\"elementor-widget-container\">\n\t\t\t\t\t\t\t\t\t\t\t\t\t\t\t<img decoding=\"async\" width=\"615\" height=\"870\" data-src=\"https:\/\/kotronis.edu.gr\/wp-content\/uploads\/2023\/09\/global-citizenship-2.jpeg\" class=\"attachment-full size-full wp-image-44323 lazyload\" alt=\"\" data-srcset=\"https:\/\/kotronis.edu.gr\/wp-content\/uploads\/2023\/09\/global-citizenship-2.jpeg 615w, https:\/\/kotronis.edu.gr\/wp-content\/uploads\/2023\/09\/global-citizenship-2-212x300.jpeg 212w\" data-sizes=\"(max-width: 615px) 100vw, 615px\" src=\"data:image\/svg+xml;base64,PHN2ZyB3aWR0aD0iMSIgaGVpZ2h0PSIxIiB4bWxucz0iaHR0cDovL3d3dy53My5vcmcvMjAwMC9zdmciPjwvc3ZnPg==\" style=\"--smush-placeholder-width: 615px; --smush-placeholder-aspect-ratio: 615\/870;\" \/>\t\t\t\t\t\t\t\t\t\t\t\t\t\t\t<\/div>\n\t\t\t\t<\/div>\n\t\t\t\t<\/div>\n\t\t\t\t\t<\/div>\n\t\t\t\t<\/div>\n\t\t<div class=\"elementor-element elementor-element-200d593 e-flex e-con-boxed e-con e-parent\" data-id=\"200d593\" data-element_type=\"container\" data-e-type=\"container\">\n\t\t\t\t\t<div class=\"e-con-inner\">\n\t\t\t\t<div class=\"elementor-element elementor-element-fd52b64 elementor-widget elementor-widget-spacer\" data-id=\"fd52b64\" data-element_type=\"widget\" data-e-type=\"widget\" data-widget_type=\"spacer.default\">\n\t\t\t\t<div class=\"elementor-widget-container\">\n\t\t\t\t\t\t\t<div class=\"elementor-spacer\">\n\t\t\t<div class=\"elementor-spacer-inner\"><\/div>\n\t\t<\/div>\n\t\t\t\t\t\t<\/div>\n\t\t\t\t<\/div>\n\t\t\t\t\t<\/div>\n\t\t\t\t<\/div>\n\t\t<div class=\"elementor-element elementor-element-a03eaf8 e-flex e-con-boxed e-con e-parent\" data-id=\"a03eaf8\" data-element_type=\"container\" data-e-type=\"container\">\n\t\t\t\t\t<div class=\"e-con-inner\">\n\t\t\t\t<div class=\"elementor-element elementor-element-e000290 elementor-widget elementor-widget-image\" data-id=\"e000290\" data-element_type=\"widget\" data-e-type=\"widget\" data-widget_type=\"image.default\">\n\t\t\t\t<div class=\"elementor-widget-container\">\n\t\t\t\t\t\t\t\t\t\t\t\t\t\t\t<img decoding=\"async\" width=\"870\" height=\"412\" data-src=\"https:\/\/kotronis.edu.gr\/wp-content\/uploads\/2023\/09\/\u03a0\u03b1\u03c1\u03bf\u03c5\u03c3\u03af\u03b1\u03c3\u03b7-Pearson-3.jpg\" class=\"attachment-full size-full wp-image-44324 lazyload\" alt=\"\" data-srcset=\"https:\/\/kotronis.edu.gr\/wp-content\/uploads\/2023\/09\/\u03a0\u03b1\u03c1\u03bf\u03c5\u03c3\u03af\u03b1\u03c3\u03b7-Pearson-3.jpg 870w, https:\/\/kotronis.edu.gr\/wp-content\/uploads\/2023\/09\/\u03a0\u03b1\u03c1\u03bf\u03c5\u03c3\u03af\u03b1\u03c3\u03b7-Pearson-3-300x142.jpg 300w, https:\/\/kotronis.edu.gr\/wp-content\/uploads\/2023\/09\/\u03a0\u03b1\u03c1\u03bf\u03c5\u03c3\u03af\u03b1\u03c3\u03b7-Pearson-3-768x364.jpg 768w\" data-sizes=\"(max-width: 870px) 100vw, 870px\" src=\"data:image\/svg+xml;base64,PHN2ZyB3aWR0aD0iMSIgaGVpZ2h0PSIxIiB4bWxucz0iaHR0cDovL3d3dy53My5vcmcvMjAwMC9zdmciPjwvc3ZnPg==\" style=\"--smush-placeholder-width: 870px; --smush-placeholder-aspect-ratio: 870\/412;\" \/>\t\t\t\t\t\t\t\t\t\t\t\t\t\t\t<\/div>\n\t\t\t\t<\/div>\n\t\t\t\t\t<\/div>\n\t\t\t\t<\/div>\n\t\t<div class=\"elementor-element elementor-element-cf288da e-flex e-con-boxed e-con e-parent\" data-id=\"cf288da\" data-element_type=\"container\" data-e-type=\"container\">\n\t\t\t\t\t<div class=\"e-con-inner\">\n\t\t\t\t<div class=\"elementor-element elementor-element-86b4589 elementor-widget elementor-widget-spacer\" data-id=\"86b4589\" data-element_type=\"widget\" data-e-type=\"widget\" data-widget_type=\"spacer.default\">\n\t\t\t\t<div class=\"elementor-widget-container\">\n\t\t\t\t\t\t\t<div class=\"elementor-spacer\">\n\t\t\t<div class=\"elementor-spacer-inner\"><\/div>\n\t\t<\/div>\n\t\t\t\t\t\t<\/div>\n\t\t\t\t<\/div>\n\t\t\t\t<div class=\"elementor-element elementor-element-e1ccf22 elementor-widget elementor-widget-heading\" data-id=\"e1ccf22\" data-element_type=\"widget\" data-e-type=\"widget\" data-widget_type=\"heading.default\">\n\t\t\t\t<div class=\"elementor-widget-container\">\n\t\t\t\t\t<h2 class=\"elementor-heading-title elementor-size-default\">Latest News<\/h2>\t\t\t\t<\/div>\n\t\t\t\t<\/div>\n\t\t\t\t\t<\/div>\n\t\t\t\t<\/div>\n\t\t\t\t<\/div>\n\t\t","protected":false},"excerpt":{"rendered":"<p>English language courses in cooperation with Pearson iProgress is the UK Curriculum for International students.Courses are taught in English, at the level that the grade in which the students are placed allows.The programme is aimed at students aged 6 to 16 years old. (iPrimary: ages 6-11, iLowerSecondary: ages 11-14 &amp; International GCSE: ages 14-16). The [&hellip;]<\/p>\n","protected":false},"author":10,"featured_media":0,"parent":0,"menu_order":0,"comment_status":"closed","ping_status":"closed","template":"","meta":{"footnotes":""},"class_list":["post-44490","page","type-page","status-publish","hentry"],"_links":{"self":[{"href":"https:\/\/kotronis.edu.gr\/en\/wp-json\/wp\/v2\/pages\/44490","targetHints":{"allow":["GET"]}}],"collection":[{"href":"https:\/\/kotronis.edu.gr\/en\/wp-json\/wp\/v2\/pages"}],"about":[{"href":"https:\/\/kotronis.edu.gr\/en\/wp-json\/wp\/v2\/types\/page"}],"author":[{"embeddable":true,"href":"https:\/\/kotronis.edu.gr\/en\/wp-json\/wp\/v2\/users\/10"}],"replies":[{"embeddable":true,"href":"https:\/\/kotronis.edu.gr\/en\/wp-json\/wp\/v2\/comments?post=44490"}],"version-history":[{"count":8,"href":"https:\/\/kotronis.edu.gr\/en\/wp-json\/wp\/v2\/pages\/44490\/revisions"}],"predecessor-version":[{"id":65261,"href":"https:\/\/kotronis.edu.gr\/en\/wp-json\/wp\/v2\/pages\/44490\/revisions\/65261"}],"wp:attachment":[{"href":"https:\/\/kotronis.edu.gr\/en\/wp-json\/wp\/v2\/media?parent=44490"}],"curies":[{"name":"wp","href":"https:\/\/api.w.org\/{rel}","templated":true}]}}